{"id":228,"date":"2023-03-25T17:49:59","date_gmt":"2023-03-25T16:49:59","guid":{"rendered":"https:\/\/alpha.masaze-martin.sk\/?page_id=228"},"modified":"2023-04-19T20:46:11","modified_gmt":"2023-04-19T18:46:11","slug":"kinesio-taping","status":"publish","type":"page","link":"https:\/\/masaze-martin.sk\/en\/kinesio-taping\/","title":{"rendered":"KINESIO TAPING"},"content":{"rendered":"<p>Kinesio Taping is an innovative therapeutic method that aims to support the body's natural healing process through the application of special elastic patches, known as kinesio tape. This method is used to improve joint stability and mobility, release muscle tension, support blood and lymphatic circulation, and relieve pain and swelling.<\/p>\n\n\n\n<p>Kinesio Taping is based on the principle that the body has a natural ability to heal itself, and in this way helps to activate and support these processes. Elastic plasters are applied to affected areas of the body in order to provide non-invasive and painless support to muscles, tendons, joints and other structures of the musculoskeletal system.<\/p>\n\n\n\n<p>Kinesio tape is designed to mimic the properties of human skin and provide effective support while maintaining full range of motion. This method can be used to treat a variety of painful conditions such as sports injuries, muscle strains, arthritis, tendinitis and lumbago.<\/p>\n\n\n\n<p>Kinesio Taping begins with a thorough examination and evaluation of the client to identify the causes of pain and establish an individualized treatment plan. The therapist then applies the patches in specific patterns and directions, depending on the specific area of pain and the client's needs.<\/p>\n\n\n\n<p>Kinesio Taping is suitable for people of all ages and lifestyles, including athletes, pregnant women, seniors and people with chronic illnesses. This method offers an effective and long-lasting solution for painful conditions and can be used alone or in combination with other therapeutic methods.<\/p>\n\n\n\n<p>As part of the Kinesio Taping treatment, you can look forward to a professional approach, a pleasant environment and therapists who are sensitive to your needs and focused on achieving optimal results for your health. This method is safe and has minimal side effects, making it an ideal choice for those looking for a non-invasive solution to their painful conditions.<\/p>\n\n\n\n<p>Kinesio Taping has many benefits and can help relieve pain, swelling and muscle tension, increase range of motion and improve overall musculoskeletal function. This method can also be used to prevent injuries and support the regeneration of muscles and tendons after strenuous exercise or injury.<\/p>","protected":false},"excerpt":{"rendered":"<p>Kinesio Taping je inovat\u00edvna terapeutick\u00e1 met\u00f3da, ktor\u00e1 sa zameriava na podporu prirodzen\u00e9ho procesu lie\u010dby tela prostredn\u00edctvom aplik\u00e1cie \u0161peci\u00e1lnych elastick\u00fdch n\u00e1plast\u00ed, zn\u00e1mych ako kinesio tape. T\u00e1to met\u00f3da sa pou\u017e\u00edva na zlep\u0161enie stability a mobility k\u013abov, uvo\u013enenie svalov\u00e9ho nap\u00e4tia, podporu krvn\u00e9ho a lymfatick\u00e9ho obehu, a zmiernenie bolesti a opuchov. Kinesio Taping je zalo\u017een\u00fd na princ\u00edpe, \u017ee telo &hellip;<\/p>\n<p class=\"read-more\"> <a class=\"\" href=\"https:\/\/masaze-martin.sk\/en\/kinesio-taping\/\"> <span class=\"screen-reader-text\">KINESIO TAPING<\/span> Read More \u00bb<\/a><\/p>","protected":false},"author":1,"featured_media":0,"parent":0,"menu_order":0,"comment_status":"closed","ping_status":"closed","template":"","meta":{"_mi_skip_tracking":false,"site-sidebar-layout":"default","site-content-layout":"default","ast-global-header-display":"","ast-main-header-display":"","ast-hfb-above-header-display":"","ast-hfb-below-header-display":"","ast-hfb-mobile-header-display":"","site-post-title":"","ast-breadcrumbs-content":"","ast-featured-img":"","footer-sml-layout":"","theme-transparent-header-meta":"","adv-header-id-meta":"","stick-header-meta":"","header-above-stick-meta":"","header-main-stick-meta":"","header-below-stick-meta":""},"yoast_head":"<!-- This site is optimized with the Yoast SEO plugin v20.3 - https:\/\/yoast.com\/wordpress\/plugins\/seo\/ -->\n<title>KINESIO TAPING - Mas\u00e1\u017ee-Martin<\/title>\n<meta name=\"robots\" content=\"index, follow, max-snippet:-1, max-image-preview:large, max-video-preview:-1\" \/>\n<link rel=\"canonical\" href=\"https:\/\/alpha.masaze-martin.sk\/kinesio-taping\/\" \/>\n<meta property=\"og:locale\" content=\"en_GB\" \/>\n<meta property=\"og:type\" content=\"article\" \/>\n<meta property=\"og:title\" content=\"KINESIO TAPING - Mas\u00e1\u017ee-Martin\" \/>\n<meta property=\"og:description\" content=\"Kinesio Taping je inovat\u00edvna terapeutick\u00e1 met\u00f3da, ktor\u00e1 sa zameriava na podporu prirodzen\u00e9ho procesu lie\u010dby tela prostredn\u00edctvom aplik\u00e1cie \u0161peci\u00e1lnych elastick\u00fdch n\u00e1plast\u00ed, zn\u00e1mych ako kinesio tape. T\u00e1to met\u00f3da sa pou\u017e\u00edva na zlep\u0161enie stability a mobility k\u013abov, uvo\u013enenie svalov\u00e9ho nap\u00e4tia, podporu krvn\u00e9ho a lymfatick\u00e9ho obehu, a zmiernenie bolesti a opuchov. Kinesio Taping je zalo\u017een\u00fd na princ\u00edpe, \u017ee telo &hellip; KINESIO TAPING Read More \u00bb\" \/>\n<meta property=\"og:url\" content=\"https:\/\/alpha.masaze-martin.sk\/kinesio-taping\/\" \/>\n<meta property=\"og:site_name\" content=\"Mas\u00e1\u017ee-Martin\" \/>\n<meta property=\"article:modified_time\" content=\"2023-04-19T18:46:11+00:00\" \/>\n<meta name=\"twitter:card\" content=\"summary_large_image\" \/>\n<meta name=\"twitter:label1\" content=\"Estimated reading time\" \/>\n\t<meta name=\"twitter:data1\" content=\"2 minutes\" \/>\n<script type=\"application\/ld+json\" class=\"yoast-schema-graph\">{\"@context\":\"https:\/\/schema.org\",\"@graph\":[{\"@type\":\"WebPage\",\"@id\":\"https:\/\/alpha.masaze-martin.sk\/kinesio-taping\/\",\"url\":\"https:\/\/alpha.masaze-martin.sk\/kinesio-taping\/\",\"name\":\"KINESIO TAPING - Mas\u00e1\u017ee-Martin\",\"isPartOf\":{\"@id\":\"https:\/\/alpha.masaze-martin.sk\/#website\"},\"datePublished\":\"2023-03-25T16:49:59+00:00\",\"dateModified\":\"2023-04-19T18:46:11+00:00\",\"breadcrumb\":{\"@id\":\"https:\/\/alpha.masaze-martin.sk\/kinesio-taping\/#breadcrumb\"},\"inLanguage\":\"en-GB\",\"potentialAction\":[{\"@type\":\"ReadAction\",\"target\":[\"https:\/\/alpha.masaze-martin.sk\/kinesio-taping\/\"]}]},{\"@type\":\"BreadcrumbList\",\"@id\":\"https:\/\/alpha.masaze-martin.sk\/kinesio-taping\/#breadcrumb\",\"itemListElement\":[{\"@type\":\"ListItem\",\"position\":1,\"name\":\"Home\",\"item\":\"https:\/\/alpha.masaze-martin.sk\/\"},{\"@type\":\"ListItem\",\"position\":2,\"name\":\"KINESIO TAPING\"}]},{\"@type\":\"WebSite\",\"@id\":\"https:\/\/alpha.masaze-martin.sk\/#website\",\"url\":\"https:\/\/alpha.masaze-martin.sk\/\",\"name\":\"Mas\u00e1\u017ee-Martin\",\"description\":\"Dotyk pre telo, pokoj pre du\u0161u.\",\"publisher\":{\"@id\":\"https:\/\/alpha.masaze-martin.sk\/#organization\"},\"potentialAction\":[{\"@type\":\"SearchAction\",\"target\":{\"@type\":\"EntryPoint\",\"urlTemplate\":\"https:\/\/alpha.masaze-martin.sk\/?s={search_term_string}\"},\"query-input\":\"required name=search_term_string\"}],\"inLanguage\":\"en-GB\"},{\"@type\":\"Organization\",\"@id\":\"https:\/\/alpha.masaze-martin.sk\/#organization\",\"name\":\"Mas\u00e1\u017ee-Martin\",\"url\":\"https:\/\/alpha.masaze-martin.sk\/\",\"logo\":{\"@type\":\"ImageObject\",\"inLanguage\":\"en-GB\",\"@id\":\"https:\/\/alpha.masaze-martin.sk\/#\/schema\/logo\/image\/\",\"url\":\"https:\/\/masaze-martin.sk\/wp-content\/uploads\/2023\/03\/cropped-upravene-logo.png\",\"contentUrl\":\"https:\/\/masaze-martin.sk\/wp-content\/uploads\/2023\/03\/cropped-upravene-logo.png\",\"width\":788,\"height\":734,\"caption\":\"Mas\u00e1\u017ee-Martin\"},\"image\":{\"@id\":\"https:\/\/alpha.masaze-martin.sk\/#\/schema\/logo\/image\/\"}}]}<\/script>\n<!-- \/ Yoast SEO plugin. -->","yoast_head_json":{"title":"KINESIO TAPING - Mas\u00e1\u017ee-Martin","robots":{"index":"index","follow":"follow","max-snippet":"max-snippet:-1","max-image-preview":"max-image-preview:large","max-video-preview":"max-video-preview:-1"},"canonical":"https:\/\/alpha.masaze-martin.sk\/kinesio-taping\/","og_locale":"en_GB","og_type":"article","og_title":"KINESIO TAPING - Mas\u00e1\u017ee-Martin","og_description":"Kinesio Taping je inovat\u00edvna terapeutick\u00e1 met\u00f3da, ktor\u00e1 sa zameriava na podporu prirodzen\u00e9ho procesu lie\u010dby tela prostredn\u00edctvom aplik\u00e1cie \u0161peci\u00e1lnych elastick\u00fdch n\u00e1plast\u00ed, zn\u00e1mych ako kinesio tape. T\u00e1to met\u00f3da sa pou\u017e\u00edva na zlep\u0161enie stability a mobility k\u013abov, uvo\u013enenie svalov\u00e9ho nap\u00e4tia, podporu krvn\u00e9ho a lymfatick\u00e9ho obehu, a zmiernenie bolesti a opuchov. Kinesio Taping je zalo\u017een\u00fd na princ\u00edpe, \u017ee telo &hellip; KINESIO TAPING Read More \u00bb","og_url":"https:\/\/alpha.masaze-martin.sk\/kinesio-taping\/","og_site_name":"Mas\u00e1\u017ee-Martin","article_modified_time":"2023-04-19T18:46:11+00:00","twitter_card":"summary_large_image","twitter_misc":{"Estimated reading time":"2 minutes"},"schema":{"@context":"https:\/\/schema.org","@graph":[{"@type":"WebPage","@id":"https:\/\/alpha.masaze-martin.sk\/kinesio-taping\/","url":"https:\/\/alpha.masaze-martin.sk\/kinesio-taping\/","name":"KINESIO TAPING - Mas\u00e1\u017ee-Martin","isPartOf":{"@id":"https:\/\/alpha.masaze-martin.sk\/#website"},"datePublished":"2023-03-25T16:49:59+00:00","dateModified":"2023-04-19T18:46:11+00:00","breadcrumb":{"@id":"https:\/\/alpha.masaze-martin.sk\/kinesio-taping\/#breadcrumb"},"inLanguage":"en-GB","potentialAction":[{"@type":"ReadAction","target":["https:\/\/alpha.masaze-martin.sk\/kinesio-taping\/"]}]},{"@type":"BreadcrumbList","@id":"https:\/\/alpha.masaze-martin.sk\/kinesio-taping\/#breadcrumb","itemListElement":[{"@type":"ListItem","position":1,"name":"Home","item":"https:\/\/alpha.masaze-martin.sk\/"},{"@type":"ListItem","position":2,"name":"KINESIO TAPING"}]},{"@type":"WebSite","@id":"https:\/\/alpha.masaze-martin.sk\/#website","url":"https:\/\/alpha.masaze-martin.sk\/","name":"Mas\u00e1\u017ee-Martin","description":"Dotyk pre telo, pokoj pre du\u0161u.","publisher":{"@id":"https:\/\/alpha.masaze-martin.sk\/#organization"},"potentialAction":[{"@type":"SearchAction","target":{"@type":"EntryPoint","urlTemplate":"https:\/\/alpha.masaze-martin.sk\/?s={search_term_string}"},"query-input":"required name=search_term_string"}],"inLanguage":"en-GB"},{"@type":"Organization","@id":"https:\/\/alpha.masaze-martin.sk\/#organization","name":"Mas\u00e1\u017ee-Martin","url":"https:\/\/alpha.masaze-martin.sk\/","logo":{"@type":"ImageObject","inLanguage":"en-GB","@id":"https:\/\/alpha.masaze-martin.sk\/#\/schema\/logo\/image\/","url":"https:\/\/masaze-martin.sk\/wp-content\/uploads\/2023\/03\/cropped-upravene-logo.png","contentUrl":"https:\/\/masaze-martin.sk\/wp-content\/uploads\/2023\/03\/cropped-upravene-logo.png","width":788,"height":734,"caption":"Mas\u00e1\u017ee-Martin"},"image":{"@id":"https:\/\/alpha.masaze-martin.sk\/#\/schema\/logo\/image\/"}}]}},"_links":{"self":[{"href":"https:\/\/masaze-martin.sk\/en\/wp-json\/wp\/v2\/pages\/228"}],"collection":[{"href":"https:\/\/masaze-martin.sk\/en\/wp-json\/wp\/v2\/pages"}],"about":[{"href":"https:\/\/masaze-martin.sk\/en\/wp-json\/wp\/v2\/types\/page"}],"author":[{"embeddable":true,"href":"https:\/\/masaze-martin.sk\/en\/wp-json\/wp\/v2\/users\/1"}],"replies":[{"embeddable":true,"href":"https:\/\/masaze-martin.sk\/en\/wp-json\/wp\/v2\/comments?post=228"}],"version-history":[{"count":4,"href":"https:\/\/masaze-martin.sk\/en\/wp-json\/wp\/v2\/pages\/228\/revisions"}],"predecessor-version":[{"id":393,"href":"https:\/\/masaze-martin.sk\/en\/wp-json\/wp\/v2\/pages\/228\/revisions\/393"}],"wp:attachment":[{"href":"https:\/\/masaze-martin.sk\/en\/wp-json\/wp\/v2\/media?parent=228"}],"curies":[{"name":"wp","href":"https:\/\/api.w.org\/{rel}","templated":true}]}}