{"id":226,"date":"2023-03-25T17:49:40","date_gmt":"2023-03-25T16:49:40","guid":{"rendered":"https:\/\/alpha.masaze-martin.sk\/?page_id=226"},"modified":"2023-04-17T19:54:19","modified_gmt":"2023-04-17T17:54:19","slug":"makke-techniky","status":"publish","type":"page","link":"https:\/\/masaze-martin.sk\/en\/makke-techniky\/","title":{"rendered":"SOFT TECHNIQUES"},"content":{"rendered":"<ol><\/ol>\n\n\n\n<p>A set of massage procedures and touches is highly effective in solving pain in the cervical spine, lower back, numbness in the fingers, hands, feet and migraines. The main goal is to relax and restore the function of soft tissues that are disproportionately stressed. Soft tissues include fascia (the sheaths surrounding muscles and organs), tendons, and connective tissue. These tissues contain a high proportion of water, collagen and hyaluronic acid. They allow muscles and organs to move, slide against each other, and have the ability to stretch and enlarge.<\/p>\n\n\n\n<p>Disruption of the activity of soft tissues can occur as a result of:<\/p>\n\n\n\n<ol>\n<li>Blockage of spinal nerves due to a damaged intervertebral disc.<\/li>\n\n\n\n<li>Injuries, such as immobilization of the limb in a cast (collagen builds up in the subcutaneous tissue and forms a dense mesh instead of a flexible web, which prevents movement in the joint).<\/li>\n\n\n\n<li>Long-term incorrect posture, including sedentary work without subsequent compensatory exercises after work.<\/li>\n<\/ol>\n\n\n\n<p>This technique can be painful, and the pain may or may not last for several days after the massage.<\/p>","protected":false},"excerpt":{"rendered":"<p>S\u00fabor mas\u00e1\u017enych postupov a hmatov m\u00e1 vysok\u00fa \u00fa\u010dinnos\u0165 pri rie\u0161en\u00ed bolest\u00ed kr\u010dnej chrbtice, kr\u00ed\u017eov, t\u0155pnut\u00ed prstov, r\u00fak, n\u00f4h a migr\u00e9n. Hlavn\u00fdm cie\u013eom je uvo\u013enenie a obnova funkcie m\u00e4kk\u00fdch tkan\u00edv, ktor\u00e9 s\u00fa ne\u00famerne za\u0165a\u017eovan\u00e9. Medzi m\u00e4kk\u00e9 tkaniv\u00e1 patria fascie (obaly obklopuj\u00face svaly a org\u00e1ny), \u0161\u013eachy a v\u00e4zivov\u00e9 tkaniv\u00e1. Tieto tkaniv\u00e1 obsahuj\u00fa vysok\u00fd podiel vody, kolag\u00e9nu a &hellip;<\/p>\n<p class=\"read-more\"> <a class=\"\" href=\"https:\/\/masaze-martin.sk\/en\/makke-techniky\/\"> <span class=\"screen-reader-text\">SOFT TECHNIQUES<\/span> Read More \u00bb<\/a><\/p>","protected":false},"author":1,"featured_media":0,"parent":0,"menu_order":0,"comment_status":"closed","ping_status":"closed","template":"","meta":{"_mi_skip_tracking":false,"site-sidebar-layout":"default","site-content-layout":"default","ast-global-header-display":"","ast-main-header-display":"","ast-hfb-above-header-display":"","ast-hfb-below-header-display":"","ast-hfb-mobile-header-display":"","site-post-title":"","ast-breadcrumbs-content":"","ast-featured-img":"","footer-sml-layout":"","theme-transparent-header-meta":"","adv-header-id-meta":"","stick-header-meta":"","header-above-stick-meta":"","header-main-stick-meta":"","header-below-stick-meta":""},"yoast_head":"<!-- This site is optimized with the Yoast SEO plugin v20.3 - https:\/\/yoast.com\/wordpress\/plugins\/seo\/ -->\n<title>M\u00c4KK\u00c9 TECHNIKY - Mas\u00e1\u017ee-Martin<\/title>\n<meta name=\"robots\" content=\"index, follow, max-snippet:-1, max-image-preview:large, max-video-preview:-1\" \/>\n<link rel=\"canonical\" href=\"https:\/\/masaze-martin.sk\/en\/makke-techniky\/\" \/>\n<meta property=\"og:locale\" content=\"en_GB\" \/>\n<meta property=\"og:type\" content=\"article\" \/>\n<meta property=\"og:title\" content=\"M\u00c4KK\u00c9 TECHNIKY - Mas\u00e1\u017ee-Martin\" \/>\n<meta property=\"og:description\" content=\"S\u00fabor mas\u00e1\u017enych postupov a hmatov m\u00e1 vysok\u00fa \u00fa\u010dinnos\u0165 pri rie\u0161en\u00ed bolest\u00ed kr\u010dnej chrbtice, kr\u00ed\u017eov, t\u0155pnut\u00ed prstov, r\u00fak, n\u00f4h a migr\u00e9n. Hlavn\u00fdm cie\u013eom je uvo\u013enenie a obnova funkcie m\u00e4kk\u00fdch tkan\u00edv, ktor\u00e9 s\u00fa ne\u00famerne za\u0165a\u017eovan\u00e9. Medzi m\u00e4kk\u00e9 tkaniv\u00e1 patria fascie (obaly obklopuj\u00face svaly a org\u00e1ny), \u0161\u013eachy a v\u00e4zivov\u00e9 tkaniv\u00e1. Tieto tkaniv\u00e1 obsahuj\u00fa vysok\u00fd podiel vody, kolag\u00e9nu a &hellip; M\u00c4KK\u00c9 TECHNIKY Read More \u00bb\" \/>\n<meta property=\"og:url\" content=\"https:\/\/masaze-martin.sk\/en\/makke-techniky\/\" \/>\n<meta property=\"og:site_name\" content=\"Mas\u00e1\u017ee-Martin\" \/>\n<meta property=\"article:modified_time\" content=\"2023-04-17T17:54:19+00:00\" \/>\n<meta name=\"twitter:card\" content=\"summary_large_image\" \/>\n<meta name=\"twitter:label1\" content=\"Estimated reading time\" \/>\n\t<meta name=\"twitter:data1\" content=\"1 minute\" \/>\n<script type=\"application\/ld+json\" class=\"yoast-schema-graph\">{\"@context\":\"https:\/\/schema.org\",\"@graph\":[{\"@type\":\"WebPage\",\"@id\":\"https:\/\/masaze-martin.sk\/en\/makke-techniky\/\",\"url\":\"https:\/\/masaze-martin.sk\/en\/makke-techniky\/\",\"name\":\"M\u00c4KK\u00c9 TECHNIKY - Mas\u00e1\u017ee-Martin\",\"isPartOf\":{\"@id\":\"https:\/\/alpha.masaze-martin.sk\/#website\"},\"datePublished\":\"2023-03-25T16:49:40+00:00\",\"dateModified\":\"2023-04-17T17:54:19+00:00\",\"breadcrumb\":{\"@id\":\"https:\/\/masaze-martin.sk\/en\/makke-techniky\/#breadcrumb\"},\"inLanguage\":\"en-GB\",\"potentialAction\":[{\"@type\":\"ReadAction\",\"target\":[\"https:\/\/masaze-martin.sk\/en\/makke-techniky\/\"]}]},{\"@type\":\"BreadcrumbList\",\"@id\":\"https:\/\/masaze-martin.sk\/en\/makke-techniky\/#breadcrumb\",\"itemListElement\":[{\"@type\":\"ListItem\",\"position\":1,\"name\":\"Home\",\"item\":\"https:\/\/alpha.masaze-martin.sk\/\"},{\"@type\":\"ListItem\",\"position\":2,\"name\":\"M\u00c4KK\u00c9 TECHNIKY\"}]},{\"@type\":\"WebSite\",\"@id\":\"https:\/\/alpha.masaze-martin.sk\/#website\",\"url\":\"https:\/\/alpha.masaze-martin.sk\/\",\"name\":\"Mas\u00e1\u017ee-Martin\",\"description\":\"Dotyk pre telo, pokoj pre du\u0161u.\",\"publisher\":{\"@id\":\"https:\/\/alpha.masaze-martin.sk\/#organization\"},\"potentialAction\":[{\"@type\":\"SearchAction\",\"target\":{\"@type\":\"EntryPoint\",\"urlTemplate\":\"https:\/\/alpha.masaze-martin.sk\/?s={search_term_string}\"},\"query-input\":\"required name=search_term_string\"}],\"inLanguage\":\"en-GB\"},{\"@type\":\"Organization\",\"@id\":\"https:\/\/alpha.masaze-martin.sk\/#organization\",\"name\":\"Mas\u00e1\u017ee-Martin\",\"url\":\"https:\/\/alpha.masaze-martin.sk\/\",\"logo\":{\"@type\":\"ImageObject\",\"inLanguage\":\"en-GB\",\"@id\":\"https:\/\/alpha.masaze-martin.sk\/#\/schema\/logo\/image\/\",\"url\":\"https:\/\/masaze-martin.sk\/wp-content\/uploads\/2023\/03\/cropped-upravene-logo.png\",\"contentUrl\":\"https:\/\/masaze-martin.sk\/wp-content\/uploads\/2023\/03\/cropped-upravene-logo.png\",\"width\":788,\"height\":734,\"caption\":\"Mas\u00e1\u017ee-Martin\"},\"image\":{\"@id\":\"https:\/\/alpha.masaze-martin.sk\/#\/schema\/logo\/image\/\"}}]}<\/script>\n<!-- \/ Yoast SEO plugin. -->","yoast_head_json":{"title":"M\u00c4KK\u00c9 TECHNIKY - Mas\u00e1\u017ee-Martin","robots":{"index":"index","follow":"follow","max-snippet":"max-snippet:-1","max-image-preview":"max-image-preview:large","max-video-preview":"max-video-preview:-1"},"canonical":"https:\/\/masaze-martin.sk\/en\/makke-techniky\/","og_locale":"en_GB","og_type":"article","og_title":"M\u00c4KK\u00c9 TECHNIKY - Mas\u00e1\u017ee-Martin","og_description":"S\u00fabor mas\u00e1\u017enych postupov a hmatov m\u00e1 vysok\u00fa \u00fa\u010dinnos\u0165 pri rie\u0161en\u00ed bolest\u00ed kr\u010dnej chrbtice, kr\u00ed\u017eov, t\u0155pnut\u00ed prstov, r\u00fak, n\u00f4h a migr\u00e9n. Hlavn\u00fdm cie\u013eom je uvo\u013enenie a obnova funkcie m\u00e4kk\u00fdch tkan\u00edv, ktor\u00e9 s\u00fa ne\u00famerne za\u0165a\u017eovan\u00e9. Medzi m\u00e4kk\u00e9 tkaniv\u00e1 patria fascie (obaly obklopuj\u00face svaly a org\u00e1ny), \u0161\u013eachy a v\u00e4zivov\u00e9 tkaniv\u00e1. Tieto tkaniv\u00e1 obsahuj\u00fa vysok\u00fd podiel vody, kolag\u00e9nu a &hellip; M\u00c4KK\u00c9 TECHNIKY Read More \u00bb","og_url":"https:\/\/masaze-martin.sk\/en\/makke-techniky\/","og_site_name":"Mas\u00e1\u017ee-Martin","article_modified_time":"2023-04-17T17:54:19+00:00","twitter_card":"summary_large_image","twitter_misc":{"Estimated reading time":"1 minute"},"schema":{"@context":"https:\/\/schema.org","@graph":[{"@type":"WebPage","@id":"https:\/\/masaze-martin.sk\/en\/makke-techniky\/","url":"https:\/\/masaze-martin.sk\/en\/makke-techniky\/","name":"M\u00c4KK\u00c9 TECHNIKY - Mas\u00e1\u017ee-Martin","isPartOf":{"@id":"https:\/\/alpha.masaze-martin.sk\/#website"},"datePublished":"2023-03-25T16:49:40+00:00","dateModified":"2023-04-17T17:54:19+00:00","breadcrumb":{"@id":"https:\/\/masaze-martin.sk\/en\/makke-techniky\/#breadcrumb"},"inLanguage":"en-GB","potentialAction":[{"@type":"ReadAction","target":["https:\/\/masaze-martin.sk\/en\/makke-techniky\/"]}]},{"@type":"BreadcrumbList","@id":"https:\/\/masaze-martin.sk\/en\/makke-techniky\/#breadcrumb","itemListElement":[{"@type":"ListItem","position":1,"name":"Home","item":"https:\/\/alpha.masaze-martin.sk\/"},{"@type":"ListItem","position":2,"name":"M\u00c4KK\u00c9 TECHNIKY"}]},{"@type":"WebSite","@id":"https:\/\/alpha.masaze-martin.sk\/#website","url":"https:\/\/alpha.masaze-martin.sk\/","name":"Mas\u00e1\u017ee-Martin","description":"Dotyk pre telo, pokoj pre du\u0161u.","publisher":{"@id":"https:\/\/alpha.masaze-martin.sk\/#organization"},"potentialAction":[{"@type":"SearchAction","target":{"@type":"EntryPoint","urlTemplate":"https:\/\/alpha.masaze-martin.sk\/?s={search_term_string}"},"query-input":"required name=search_term_string"}],"inLanguage":"en-GB"},{"@type":"Organization","@id":"https:\/\/alpha.masaze-martin.sk\/#organization","name":"Mas\u00e1\u017ee-Martin","url":"https:\/\/alpha.masaze-martin.sk\/","logo":{"@type":"ImageObject","inLanguage":"en-GB","@id":"https:\/\/alpha.masaze-martin.sk\/#\/schema\/logo\/image\/","url":"https:\/\/masaze-martin.sk\/wp-content\/uploads\/2023\/03\/cropped-upravene-logo.png","contentUrl":"https:\/\/masaze-martin.sk\/wp-content\/uploads\/2023\/03\/cropped-upravene-logo.png","width":788,"height":734,"caption":"Mas\u00e1\u017ee-Martin"},"image":{"@id":"https:\/\/alpha.masaze-martin.sk\/#\/schema\/logo\/image\/"}}]}},"_links":{"self":[{"href":"https:\/\/masaze-martin.sk\/en\/wp-json\/wp\/v2\/pages\/226"}],"collection":[{"href":"https:\/\/masaze-martin.sk\/en\/wp-json\/wp\/v2\/pages"}],"about":[{"href":"https:\/\/masaze-martin.sk\/en\/wp-json\/wp\/v2\/types\/page"}],"author":[{"embeddable":true,"href":"https:\/\/masaze-martin.sk\/en\/wp-json\/wp\/v2\/users\/1"}],"replies":[{"embeddable":true,"href":"https:\/\/masaze-martin.sk\/en\/wp-json\/wp\/v2\/comments?post=226"}],"version-history":[{"count":4,"href":"https:\/\/masaze-martin.sk\/en\/wp-json\/wp\/v2\/pages\/226\/revisions"}],"predecessor-version":[{"id":397,"href":"https:\/\/masaze-martin.sk\/en\/wp-json\/wp\/v2\/pages\/226\/revisions\/397"}],"wp:attachment":[{"href":"https:\/\/masaze-martin.sk\/en\/wp-json\/wp\/v2\/media?parent=226"}],"curies":[{"name":"wp","href":"https:\/\/api.w.org\/{rel}","templated":true}]}}