{"id":223,"date":"2023-03-25T17:48:39","date_gmt":"2023-03-25T16:48:39","guid":{"rendered":"https:\/\/alpha.masaze-martin.sk\/?page_id=223"},"modified":"2023-04-17T19:25:33","modified_gmt":"2023-04-17T17:25:33","slug":"manualna-terapia-bolestivych-stavov","status":"publish","type":"page","link":"https:\/\/masaze-martin.sk\/en\/manualna-terapia-bolestivych-stavov\/","title":{"rendered":"MANUAL THERAPY OF PAINFUL CONDITIONS"},"content":{"rendered":"<p>Manual therapy for painful conditions is a comprehensive approach to the treatment and prevention of pain and dysfunction of the musculoskeletal system. This form of therapy includes a wide variety of techniques that are aimed at identifying and treating the causes of pain, restoring optimal body function, and providing long-term pain relief.<\/p>\n\n\n\n<p>Manual therapy uses various methods such as joint mobilization, muscle relaxation, traction, manipulation, trigger point therapy and neuromuscular technique to provide effective and targeted treatment for painful conditions. These techniques are tailored to the individual needs and health of the client, taking into account specific areas of pain and causes of dysfunction.<\/p>\n\n\n\n<p>The goal of manual therapy for painful conditions is to relieve pain and improve the quality of life of patients by addressing the causes of pain and restoring the normal function of the musculoskeletal system. This therapy can be used to treat a variety of painful conditions such as back pain, cervical spine pain, joint pain, muscle pain and tendon pain.<\/p>\n\n\n\n<p>Manual therapy for painful conditions is based on a thorough examination and evaluation of the patient in order to determine the causes of the pain and establish an individual treatment plan. The therapist works with the client to improve movement, flexibility, and strength, which helps restore normal musculoskeletal function and improve overall health and well-being.<\/p>\n\n\n\n<p>In addition to immediate pain relief, manual therapy for painful conditions also focuses on preventing the recurrence of problems and improving the overall health of the client. This includes teaching self-care, exercise, postural counseling, and other preventative measures that can help reduce the risk of pain reoccurring.<\/p>\n\n\n\n<p>Manual therapy for pain conditions is suitable for people of all ages and lifestyles, including athletes, pregnant women, seniors, people with chronic conditions and those who suffer from acute or persistent pain. Our studio is committed to providing clients with safe, effective and personalized treatment methods that help relieve pain and restore health and well-being.<\/p>","protected":false},"excerpt":{"rendered":"<p>Manu\u00e1lna terapia bolestiv\u00fdch stavov je komplexn\u00fd pr\u00edstup k lie\u010dbe a prevencii bolesti a dysfunkcie pohybov\u00e9ho apar\u00e1tu. T\u00e1to forma terapie zah\u0155\u0148a \u0161irok\u00fa \u0161k\u00e1lu techn\u00edk, ktor\u00e9 s\u00fa zameran\u00e9 na identifik\u00e1ciu a lie\u010dbu pr\u00ed\u010din bolesti, obnovenie optim\u00e1lnej funkcie tela a poskytnutie dlhodobej \u00fa\u013eavy od bolesti. Manu\u00e1lna terapia vyu\u017e\u00edva r\u00f4zne met\u00f3dy, ako s\u00fa mobiliz\u00e1cia k\u013abov, svalov\u00e9 uvo\u013enenie, trakcia, manipul\u00e1cia, &hellip;<\/p>\n<p class=\"read-more\"> <a class=\"\" href=\"https:\/\/masaze-martin.sk\/en\/manualna-terapia-bolestivych-stavov\/\"> <span class=\"screen-reader-text\">MANUAL THERAPY OF PAINFUL CONDITIONS<\/span> Read More \u00bb<\/a><\/p>","protected":false},"author":1,"featured_media":0,"parent":0,"menu_order":0,"comment_status":"closed","ping_status":"closed","template":"","meta":{"_mi_skip_tracking":false,"site-sidebar-layout":"default","site-content-layout":"default","ast-global-header-display":"","ast-main-header-display":"","ast-hfb-above-header-display":"","ast-hfb-below-header-display":"","ast-hfb-mobile-header-display":"","site-post-title":"","ast-breadcrumbs-content":"","ast-featured-img":"","footer-sml-layout":"","theme-transparent-header-meta":"","adv-header-id-meta":"","stick-header-meta":"","header-above-stick-meta":"","header-main-stick-meta":"","header-below-stick-meta":""},"yoast_head":"<!-- This site is optimized with the Yoast SEO plugin v20.3 - https:\/\/yoast.com\/wordpress\/plugins\/seo\/ -->\n<title>MANU\u00c1LNA TERAPIA BOLESTIV\u00ddCH STAVOV - Mas\u00e1\u017ee-Martin<\/title>\n<meta name=\"robots\" content=\"index, follow, max-snippet:-1, max-image-preview:large, max-video-preview:-1\" \/>\n<link rel=\"canonical\" href=\"https:\/\/alpha.masaze-martin.sk\/manualna-terapia-bolestivych-stavov\/\" \/>\n<meta property=\"og:locale\" content=\"en_GB\" \/>\n<meta property=\"og:type\" content=\"article\" \/>\n<meta property=\"og:title\" content=\"MANU\u00c1LNA TERAPIA BOLESTIV\u00ddCH STAVOV - Mas\u00e1\u017ee-Martin\" \/>\n<meta property=\"og:description\" content=\"Manu\u00e1lna terapia bolestiv\u00fdch stavov je komplexn\u00fd pr\u00edstup k lie\u010dbe a prevencii bolesti a dysfunkcie pohybov\u00e9ho apar\u00e1tu. T\u00e1to forma terapie zah\u0155\u0148a \u0161irok\u00fa \u0161k\u00e1lu techn\u00edk, ktor\u00e9 s\u00fa zameran\u00e9 na identifik\u00e1ciu a lie\u010dbu pr\u00ed\u010din bolesti, obnovenie optim\u00e1lnej funkcie tela a poskytnutie dlhodobej \u00fa\u013eavy od bolesti. Manu\u00e1lna terapia vyu\u017e\u00edva r\u00f4zne met\u00f3dy, ako s\u00fa mobiliz\u00e1cia k\u013abov, svalov\u00e9 uvo\u013enenie, trakcia, manipul\u00e1cia, &hellip; MANU\u00c1LNA TERAPIA BOLESTIV\u00ddCH STAVOV Read More \u00bb\" \/>\n<meta property=\"og:url\" content=\"https:\/\/alpha.masaze-martin.sk\/manualna-terapia-bolestivych-stavov\/\" \/>\n<meta property=\"og:site_name\" content=\"Mas\u00e1\u017ee-Martin\" \/>\n<meta property=\"article:modified_time\" content=\"2023-04-17T17:25:33+00:00\" \/>\n<meta name=\"twitter:card\" content=\"summary_large_image\" \/>\n<meta name=\"twitter:label1\" content=\"Estimated reading time\" \/>\n\t<meta name=\"twitter:data1\" content=\"2 minutes\" \/>\n<script type=\"application\/ld+json\" class=\"yoast-schema-graph\">{\"@context\":\"https:\/\/schema.org\",\"@graph\":[{\"@type\":\"WebPage\",\"@id\":\"https:\/\/alpha.masaze-martin.sk\/manualna-terapia-bolestivych-stavov\/\",\"url\":\"https:\/\/alpha.masaze-martin.sk\/manualna-terapia-bolestivych-stavov\/\",\"name\":\"MANU\u00c1LNA TERAPIA BOLESTIV\u00ddCH STAVOV - Mas\u00e1\u017ee-Martin\",\"isPartOf\":{\"@id\":\"https:\/\/alpha.masaze-martin.sk\/#website\"},\"datePublished\":\"2023-03-25T16:48:39+00:00\",\"dateModified\":\"2023-04-17T17:25:33+00:00\",\"breadcrumb\":{\"@id\":\"https:\/\/alpha.masaze-martin.sk\/manualna-terapia-bolestivych-stavov\/#breadcrumb\"},\"inLanguage\":\"en-GB\",\"potentialAction\":[{\"@type\":\"ReadAction\",\"target\":[\"https:\/\/alpha.masaze-martin.sk\/manualna-terapia-bolestivych-stavov\/\"]}]},{\"@type\":\"BreadcrumbList\",\"@id\":\"https:\/\/alpha.masaze-martin.sk\/manualna-terapia-bolestivych-stavov\/#breadcrumb\",\"itemListElement\":[{\"@type\":\"ListItem\",\"position\":1,\"name\":\"Home\",\"item\":\"https:\/\/alpha.masaze-martin.sk\/\"},{\"@type\":\"ListItem\",\"position\":2,\"name\":\"MANU\u00c1LNA TERAPIA BOLESTIV\u00ddCH STAVOV\"}]},{\"@type\":\"WebSite\",\"@id\":\"https:\/\/alpha.masaze-martin.sk\/#website\",\"url\":\"https:\/\/alpha.masaze-martin.sk\/\",\"name\":\"Mas\u00e1\u017ee-Martin\",\"description\":\"Dotyk pre telo, pokoj pre du\u0161u.\",\"publisher\":{\"@id\":\"https:\/\/alpha.masaze-martin.sk\/#organization\"},\"potentialAction\":[{\"@type\":\"SearchAction\",\"target\":{\"@type\":\"EntryPoint\",\"urlTemplate\":\"https:\/\/alpha.masaze-martin.sk\/?s={search_term_string}\"},\"query-input\":\"required name=search_term_string\"}],\"inLanguage\":\"en-GB\"},{\"@type\":\"Organization\",\"@id\":\"https:\/\/alpha.masaze-martin.sk\/#organization\",\"name\":\"Mas\u00e1\u017ee-Martin\",\"url\":\"https:\/\/alpha.masaze-martin.sk\/\",\"logo\":{\"@type\":\"ImageObject\",\"inLanguage\":\"en-GB\",\"@id\":\"https:\/\/alpha.masaze-martin.sk\/#\/schema\/logo\/image\/\",\"url\":\"https:\/\/masaze-martin.sk\/wp-content\/uploads\/2023\/03\/cropped-upravene-logo.png\",\"contentUrl\":\"https:\/\/masaze-martin.sk\/wp-content\/uploads\/2023\/03\/cropped-upravene-logo.png\",\"width\":788,\"height\":734,\"caption\":\"Mas\u00e1\u017ee-Martin\"},\"image\":{\"@id\":\"https:\/\/alpha.masaze-martin.sk\/#\/schema\/logo\/image\/\"}}]}<\/script>\n<!-- \/ Yoast SEO plugin. -->","yoast_head_json":{"title":"MANU\u00c1LNA TERAPIA BOLESTIV\u00ddCH STAVOV - Mas\u00e1\u017ee-Martin","robots":{"index":"index","follow":"follow","max-snippet":"max-snippet:-1","max-image-preview":"max-image-preview:large","max-video-preview":"max-video-preview:-1"},"canonical":"https:\/\/alpha.masaze-martin.sk\/manualna-terapia-bolestivych-stavov\/","og_locale":"en_GB","og_type":"article","og_title":"MANU\u00c1LNA TERAPIA BOLESTIV\u00ddCH STAVOV - Mas\u00e1\u017ee-Martin","og_description":"Manu\u00e1lna terapia bolestiv\u00fdch stavov je komplexn\u00fd pr\u00edstup k lie\u010dbe a prevencii bolesti a dysfunkcie pohybov\u00e9ho apar\u00e1tu. T\u00e1to forma terapie zah\u0155\u0148a \u0161irok\u00fa \u0161k\u00e1lu techn\u00edk, ktor\u00e9 s\u00fa zameran\u00e9 na identifik\u00e1ciu a lie\u010dbu pr\u00ed\u010din bolesti, obnovenie optim\u00e1lnej funkcie tela a poskytnutie dlhodobej \u00fa\u013eavy od bolesti. Manu\u00e1lna terapia vyu\u017e\u00edva r\u00f4zne met\u00f3dy, ako s\u00fa mobiliz\u00e1cia k\u013abov, svalov\u00e9 uvo\u013enenie, trakcia, manipul\u00e1cia, &hellip; MANU\u00c1LNA TERAPIA BOLESTIV\u00ddCH STAVOV Read More \u00bb","og_url":"https:\/\/alpha.masaze-martin.sk\/manualna-terapia-bolestivych-stavov\/","og_site_name":"Mas\u00e1\u017ee-Martin","article_modified_time":"2023-04-17T17:25:33+00:00","twitter_card":"summary_large_image","twitter_misc":{"Estimated reading time":"2 minutes"},"schema":{"@context":"https:\/\/schema.org","@graph":[{"@type":"WebPage","@id":"https:\/\/alpha.masaze-martin.sk\/manualna-terapia-bolestivych-stavov\/","url":"https:\/\/alpha.masaze-martin.sk\/manualna-terapia-bolestivych-stavov\/","name":"MANU\u00c1LNA TERAPIA BOLESTIV\u00ddCH STAVOV - Mas\u00e1\u017ee-Martin","isPartOf":{"@id":"https:\/\/alpha.masaze-martin.sk\/#website"},"datePublished":"2023-03-25T16:48:39+00:00","dateModified":"2023-04-17T17:25:33+00:00","breadcrumb":{"@id":"https:\/\/alpha.masaze-martin.sk\/manualna-terapia-bolestivych-stavov\/#breadcrumb"},"inLanguage":"en-GB","potentialAction":[{"@type":"ReadAction","target":["https:\/\/alpha.masaze-martin.sk\/manualna-terapia-bolestivych-stavov\/"]}]},{"@type":"BreadcrumbList","@id":"https:\/\/alpha.masaze-martin.sk\/manualna-terapia-bolestivych-stavov\/#breadcrumb","itemListElement":[{"@type":"ListItem","position":1,"name":"Home","item":"https:\/\/alpha.masaze-martin.sk\/"},{"@type":"ListItem","position":2,"name":"MANU\u00c1LNA TERAPIA BOLESTIV\u00ddCH STAVOV"}]},{"@type":"WebSite","@id":"https:\/\/alpha.masaze-martin.sk\/#website","url":"https:\/\/alpha.masaze-martin.sk\/","name":"Mas\u00e1\u017ee-Martin","description":"Dotyk pre telo, pokoj pre du\u0161u.","publisher":{"@id":"https:\/\/alpha.masaze-martin.sk\/#organization"},"potentialAction":[{"@type":"SearchAction","target":{"@type":"EntryPoint","urlTemplate":"https:\/\/alpha.masaze-martin.sk\/?s={search_term_string}"},"query-input":"required name=search_term_string"}],"inLanguage":"en-GB"},{"@type":"Organization","@id":"https:\/\/alpha.masaze-martin.sk\/#organization","name":"Mas\u00e1\u017ee-Martin","url":"https:\/\/alpha.masaze-martin.sk\/","logo":{"@type":"ImageObject","inLanguage":"en-GB","@id":"https:\/\/alpha.masaze-martin.sk\/#\/schema\/logo\/image\/","url":"https:\/\/masaze-martin.sk\/wp-content\/uploads\/2023\/03\/cropped-upravene-logo.png","contentUrl":"https:\/\/masaze-martin.sk\/wp-content\/uploads\/2023\/03\/cropped-upravene-logo.png","width":788,"height":734,"caption":"Mas\u00e1\u017ee-Martin"},"image":{"@id":"https:\/\/alpha.masaze-martin.sk\/#\/schema\/logo\/image\/"}}]}},"_links":{"self":[{"href":"https:\/\/masaze-martin.sk\/en\/wp-json\/wp\/v2\/pages\/223"}],"collection":[{"href":"https:\/\/masaze-martin.sk\/en\/wp-json\/wp\/v2\/pages"}],"about":[{"href":"https:\/\/masaze-martin.sk\/en\/wp-json\/wp\/v2\/types\/page"}],"author":[{"embeddable":true,"href":"https:\/\/masaze-martin.sk\/en\/wp-json\/wp\/v2\/users\/1"}],"replies":[{"embeddable":true,"href":"https:\/\/masaze-martin.sk\/en\/wp-json\/wp\/v2\/comments?post=223"}],"version-history":[{"count":4,"href":"https:\/\/masaze-martin.sk\/en\/wp-json\/wp\/v2\/pages\/223\/revisions"}],"predecessor-version":[{"id":287,"href":"https:\/\/masaze-martin.sk\/en\/wp-json\/wp\/v2\/pages\/223\/revisions\/287"}],"wp:attachment":[{"href":"https:\/\/masaze-martin.sk\/en\/wp-json\/wp\/v2\/media?parent=223"}],"curies":[{"name":"wp","href":"https:\/\/api.w.org\/{rel}","templated":true}]}}