{"id":206,"date":"2023-03-25T16:43:10","date_gmt":"2023-03-25T15:43:10","guid":{"rendered":"https:\/\/alpha.masaze-martin.sk\/?page_id=206"},"modified":"2023-04-17T19:23:01","modified_gmt":"2023-04-17T17:23:01","slug":"masaze","status":"publish","type":"page","link":"https:\/\/masaze-martin.sk\/en\/masaze\/","title":{"rendered":"MASSAGES"},"content":{"rendered":"<p style=\"padding-top:0px\">Classic massage, also known as Swedish massage, is one of the most popular forms of massage that offers you many beneficial effects for your body and soul. This therapeutic method combines various techniques, including stroking, rubbing, tapping and vibrating, to ensure overall body harmonization and relaxation.<\/p>\n\n\n\n<p>In addition to stimulating blood and lymphatic circulation, classical massage contributes to improving the elasticity and flexibility of muscles, which helps to relieve the tension and burden that everyday life places on our bodies. This form of massage also focuses on strengthening the immune system, which can help increase resistance to disease.<\/p>\n\n\n\n<p>Massage improves the quality of sleep, providing better rest and regeneration after a hard day. In addition, classical massage helps in the treatment of stress and anxiety by releasing endorphins, which are a natural \"medicine\" for pain and well-being.<\/p>\n\n\n\n<p>In classic massages, natural massage oil or cream is used, which aids the smoothness and movement of the masseur's hands on the client's body. These oils and creams may contain essential oils and extracts that provide additional therapeutic effects such as relaxation, invigoration or mood enhancement.<\/p>\n\n\n\n<p>Regardless of your age, gender or lifestyle, classical massage can offer positive changes in your life. Regular massages can make a significant contribution to improving physical and emotional health, promoting relaxation and reducing stress. <\/p>\n\n\n\n<p><\/p>","protected":false},"excerpt":{"rendered":"<p>Klasick\u00e1 mas\u00e1\u017e, zn\u00e1ma aj ako \u0161v\u00e9dska mas\u00e1\u017e, je jednou z najpopul\u00e1rnej\u0161\u00edch foriem mas\u00e1\u017ee, ktor\u00e1 v\u00e1m pon\u00faka mno\u017estvo prospe\u0161n\u00fdch \u00fa\u010dinkov pre va\u0161e telo a du\u0161u. T\u00e1to terapeutick\u00e1 met\u00f3da kombinuje r\u00f4zne techniky, vr\u00e1tane hladenia, trenia, klepania a kmitania, aby zabezpe\u010dila celkov\u00fa harmoniz\u00e1ciu a relax\u00e1ciu tela. Okrem stimul\u00e1cie krvn\u00e9ho a lymfatick\u00e9ho obehu, klasick\u00e1 mas\u00e1\u017e prispieva k zlep\u0161eniu elasticity &hellip;<\/p>\n<p class=\"read-more\"> <a class=\"\" href=\"https:\/\/masaze-martin.sk\/en\/masaze\/\"> <span class=\"screen-reader-text\">MASSAGES<\/span> Read More \u00bb<\/a><\/p>","protected":false},"author":1,"featured_media":0,"parent":0,"menu_order":0,"comment_status":"closed","ping_status":"closed","template":"","meta":{"_mi_skip_tracking":false,"site-sidebar-layout":"default","site-content-layout":"default","ast-global-header-display":"","ast-main-header-display":"","ast-hfb-above-header-display":"","ast-hfb-below-header-display":"","ast-hfb-mobile-header-display":"","site-post-title":"","ast-breadcrumbs-content":"","ast-featured-img":"","footer-sml-layout":"","theme-transparent-header-meta":"","adv-header-id-meta":"","stick-header-meta":"","header-above-stick-meta":"","header-main-stick-meta":"","header-below-stick-meta":""},"yoast_head":"<!-- This site is optimized with the Yoast SEO plugin v20.3 - https:\/\/yoast.com\/wordpress\/plugins\/seo\/ -->\n<title>MAS\u00c1\u017dE - Mas\u00e1\u017ee-Martin<\/title>\n<meta name=\"robots\" content=\"index, follow, max-snippet:-1, max-image-preview:large, max-video-preview:-1\" \/>\n<link rel=\"canonical\" href=\"https:\/\/masaze-martin.sk\/en\/masaze\/\" \/>\n<meta property=\"og:locale\" content=\"en_GB\" \/>\n<meta property=\"og:type\" content=\"article\" \/>\n<meta property=\"og:title\" content=\"MAS\u00c1\u017dE - Mas\u00e1\u017ee-Martin\" \/>\n<meta property=\"og:description\" content=\"Klasick\u00e1 mas\u00e1\u017e, zn\u00e1ma aj ako \u0161v\u00e9dska mas\u00e1\u017e, je jednou z najpopul\u00e1rnej\u0161\u00edch foriem mas\u00e1\u017ee, ktor\u00e1 v\u00e1m pon\u00faka mno\u017estvo prospe\u0161n\u00fdch \u00fa\u010dinkov pre va\u0161e telo a du\u0161u. T\u00e1to terapeutick\u00e1 met\u00f3da kombinuje r\u00f4zne techniky, vr\u00e1tane hladenia, trenia, klepania a kmitania, aby zabezpe\u010dila celkov\u00fa harmoniz\u00e1ciu a relax\u00e1ciu tela. Okrem stimul\u00e1cie krvn\u00e9ho a lymfatick\u00e9ho obehu, klasick\u00e1 mas\u00e1\u017e prispieva k zlep\u0161eniu elasticity &hellip; MAS\u00c1\u017dE Read More \u00bb\" \/>\n<meta property=\"og:url\" content=\"https:\/\/masaze-martin.sk\/en\/masaze\/\" \/>\n<meta property=\"og:site_name\" content=\"Mas\u00e1\u017ee-Martin\" \/>\n<meta property=\"article:modified_time\" content=\"2023-04-17T17:23:01+00:00\" \/>\n<meta name=\"twitter:card\" content=\"summary_large_image\" \/>\n<meta name=\"twitter:label1\" content=\"Estimated reading time\" \/>\n\t<meta name=\"twitter:data1\" content=\"2 minutes\" \/>\n<script type=\"application\/ld+json\" class=\"yoast-schema-graph\">{\"@context\":\"https:\/\/schema.org\",\"@graph\":[{\"@type\":\"WebPage\",\"@id\":\"https:\/\/masaze-martin.sk\/masaze\/\",\"url\":\"https:\/\/masaze-martin.sk\/masaze\/\",\"name\":\"MAS\u00c1\u017dE - Mas\u00e1\u017ee-Martin\",\"isPartOf\":{\"@id\":\"https:\/\/alpha.masaze-martin.sk\/#website\"},\"datePublished\":\"2023-03-25T15:43:10+00:00\",\"dateModified\":\"2023-04-17T17:23:01+00:00\",\"breadcrumb\":{\"@id\":\"https:\/\/masaze-martin.sk\/masaze\/#breadcrumb\"},\"inLanguage\":\"en-GB\",\"potentialAction\":[{\"@type\":\"ReadAction\",\"target\":[\"https:\/\/masaze-martin.sk\/masaze\/\"]}]},{\"@type\":\"BreadcrumbList\",\"@id\":\"https:\/\/masaze-martin.sk\/masaze\/#breadcrumb\",\"itemListElement\":[{\"@type\":\"ListItem\",\"position\":1,\"name\":\"Home\",\"item\":\"https:\/\/alpha.masaze-martin.sk\/\"},{\"@type\":\"ListItem\",\"position\":2,\"name\":\"MAS\u00c1\u017dE\"}]},{\"@type\":\"WebSite\",\"@id\":\"https:\/\/alpha.masaze-martin.sk\/#website\",\"url\":\"https:\/\/alpha.masaze-martin.sk\/\",\"name\":\"Mas\u00e1\u017ee-Martin\",\"description\":\"Dotyk pre telo, pokoj pre du\u0161u.\",\"publisher\":{\"@id\":\"https:\/\/alpha.masaze-martin.sk\/#organization\"},\"potentialAction\":[{\"@type\":\"SearchAction\",\"target\":{\"@type\":\"EntryPoint\",\"urlTemplate\":\"https:\/\/alpha.masaze-martin.sk\/?s={search_term_string}\"},\"query-input\":\"required name=search_term_string\"}],\"inLanguage\":\"en-GB\"},{\"@type\":\"Organization\",\"@id\":\"https:\/\/alpha.masaze-martin.sk\/#organization\",\"name\":\"Mas\u00e1\u017ee-Martin\",\"url\":\"https:\/\/alpha.masaze-martin.sk\/\",\"logo\":{\"@type\":\"ImageObject\",\"inLanguage\":\"en-GB\",\"@id\":\"https:\/\/alpha.masaze-martin.sk\/#\/schema\/logo\/image\/\",\"url\":\"https:\/\/masaze-martin.sk\/wp-content\/uploads\/2023\/03\/cropped-upravene-logo.png\",\"contentUrl\":\"https:\/\/masaze-martin.sk\/wp-content\/uploads\/2023\/03\/cropped-upravene-logo.png\",\"width\":788,\"height\":734,\"caption\":\"Mas\u00e1\u017ee-Martin\"},\"image\":{\"@id\":\"https:\/\/alpha.masaze-martin.sk\/#\/schema\/logo\/image\/\"}}]}<\/script>\n<!-- \/ Yoast SEO plugin. -->","yoast_head_json":{"title":"MAS\u00c1\u017dE - Mas\u00e1\u017ee-Martin","robots":{"index":"index","follow":"follow","max-snippet":"max-snippet:-1","max-image-preview":"max-image-preview:large","max-video-preview":"max-video-preview:-1"},"canonical":"https:\/\/masaze-martin.sk\/en\/masaze\/","og_locale":"en_GB","og_type":"article","og_title":"MAS\u00c1\u017dE - Mas\u00e1\u017ee-Martin","og_description":"Klasick\u00e1 mas\u00e1\u017e, zn\u00e1ma aj ako \u0161v\u00e9dska mas\u00e1\u017e, je jednou z najpopul\u00e1rnej\u0161\u00edch foriem mas\u00e1\u017ee, ktor\u00e1 v\u00e1m pon\u00faka mno\u017estvo prospe\u0161n\u00fdch \u00fa\u010dinkov pre va\u0161e telo a du\u0161u. T\u00e1to terapeutick\u00e1 met\u00f3da kombinuje r\u00f4zne techniky, vr\u00e1tane hladenia, trenia, klepania a kmitania, aby zabezpe\u010dila celkov\u00fa harmoniz\u00e1ciu a relax\u00e1ciu tela. Okrem stimul\u00e1cie krvn\u00e9ho a lymfatick\u00e9ho obehu, klasick\u00e1 mas\u00e1\u017e prispieva k zlep\u0161eniu elasticity &hellip; MAS\u00c1\u017dE Read More \u00bb","og_url":"https:\/\/masaze-martin.sk\/en\/masaze\/","og_site_name":"Mas\u00e1\u017ee-Martin","article_modified_time":"2023-04-17T17:23:01+00:00","twitter_card":"summary_large_image","twitter_misc":{"Estimated reading time":"2 minutes"},"schema":{"@context":"https:\/\/schema.org","@graph":[{"@type":"WebPage","@id":"https:\/\/masaze-martin.sk\/masaze\/","url":"https:\/\/masaze-martin.sk\/masaze\/","name":"MAS\u00c1\u017dE - Mas\u00e1\u017ee-Martin","isPartOf":{"@id":"https:\/\/alpha.masaze-martin.sk\/#website"},"datePublished":"2023-03-25T15:43:10+00:00","dateModified":"2023-04-17T17:23:01+00:00","breadcrumb":{"@id":"https:\/\/masaze-martin.sk\/masaze\/#breadcrumb"},"inLanguage":"en-GB","potentialAction":[{"@type":"ReadAction","target":["https:\/\/masaze-martin.sk\/masaze\/"]}]},{"@type":"BreadcrumbList","@id":"https:\/\/masaze-martin.sk\/masaze\/#breadcrumb","itemListElement":[{"@type":"ListItem","position":1,"name":"Home","item":"https:\/\/alpha.masaze-martin.sk\/"},{"@type":"ListItem","position":2,"name":"MAS\u00c1\u017dE"}]},{"@type":"WebSite","@id":"https:\/\/alpha.masaze-martin.sk\/#website","url":"https:\/\/alpha.masaze-martin.sk\/","name":"Mas\u00e1\u017ee-Martin","description":"Dotyk pre telo, pokoj pre du\u0161u.","publisher":{"@id":"https:\/\/alpha.masaze-martin.sk\/#organization"},"potentialAction":[{"@type":"SearchAction","target":{"@type":"EntryPoint","urlTemplate":"https:\/\/alpha.masaze-martin.sk\/?s={search_term_string}"},"query-input":"required name=search_term_string"}],"inLanguage":"en-GB"},{"@type":"Organization","@id":"https:\/\/alpha.masaze-martin.sk\/#organization","name":"Mas\u00e1\u017ee-Martin","url":"https:\/\/alpha.masaze-martin.sk\/","logo":{"@type":"ImageObject","inLanguage":"en-GB","@id":"https:\/\/alpha.masaze-martin.sk\/#\/schema\/logo\/image\/","url":"https:\/\/masaze-martin.sk\/wp-content\/uploads\/2023\/03\/cropped-upravene-logo.png","contentUrl":"https:\/\/masaze-martin.sk\/wp-content\/uploads\/2023\/03\/cropped-upravene-logo.png","width":788,"height":734,"caption":"Mas\u00e1\u017ee-Martin"},"image":{"@id":"https:\/\/alpha.masaze-martin.sk\/#\/schema\/logo\/image\/"}}]}},"_links":{"self":[{"href":"https:\/\/masaze-martin.sk\/en\/wp-json\/wp\/v2\/pages\/206"}],"collection":[{"href":"https:\/\/masaze-martin.sk\/en\/wp-json\/wp\/v2\/pages"}],"about":[{"href":"https:\/\/masaze-martin.sk\/en\/wp-json\/wp\/v2\/types\/page"}],"author":[{"embeddable":true,"href":"https:\/\/masaze-martin.sk\/en\/wp-json\/wp\/v2\/users\/1"}],"replies":[{"embeddable":true,"href":"https:\/\/masaze-martin.sk\/en\/wp-json\/wp\/v2\/comments?post=206"}],"version-history":[{"count":6,"href":"https:\/\/masaze-martin.sk\/en\/wp-json\/wp\/v2\/pages\/206\/revisions"}],"predecessor-version":[{"id":285,"href":"https:\/\/masaze-martin.sk\/en\/wp-json\/wp\/v2\/pages\/206\/revisions\/285"}],"wp:attachment":[{"href":"https:\/\/masaze-martin.sk\/en\/wp-json\/wp\/v2\/media?parent=206"}],"curies":[{"name":"wp","href":"https:\/\/api.w.org\/{rel}","templated":true}]}}